{"id":3161,"date":"2017-03-08T13:44:20","date_gmt":"2017-03-08T13:44:20","guid":{"rendered":"https:\/\/dpms-media.fr\/maison-linol\/work\/"},"modified":"2023-09-22T04:50:57","modified_gmt":"2023-09-22T02:50:57","slug":"work","status":"publish","type":"page","link":"https:\/\/maison-linol.beynacrentals.com\/en\/","title":{"rendered":"Home"},"content":{"rendered":"<div id='av_section_1'  class='avia-section av-3tr3s0-b0fb13345ad7e2d018ef748bd01c26eb main_color avia-section-small avia-no-border-styling  avia-builder-el-0  el_before_av_section  avia-builder-el-first  avia-bg-style-scroll container_wrap sidebar_right'  ><div class='container av-section-cont-open' ><main  role=\"main\" itemprop=\"mainContentOfPage\"  class='template-page content  av-content-small alpha units'><div class='post-entry post-entry-type-page post-entry-3161'><div class='entry-content-wrapper clearfix'>\n<div  class='flex_column av-2ks0qo-912c853f0b651ee9824f569784879a2d av_one_full  avia-builder-el-1  avia-builder-el-no-sibling  first flex_column_div  '     ><section  class='av_textblock_section av-ktvkkabe-07ed8c7f4f15d30db27274ff65fac8fd '   itemscope=\"itemscope\" itemtype=\"https:\/\/schema.org\/CreativeWork\" ><div class='avia_textblock'  itemprop=\"text\" ><h1 style=\"text-align: center\"><span style=\"color: #710e00\">MAISON LINOL<\/span><\/h1>\n<p style=\"text-align: center\">A living room that opens onto a large terrace overlooking with a private swimming pool. Enjoy stunning views of the hills of Beynac.<\/p>\n<\/div><\/section><\/div>\n\n<\/div><\/div><\/main><!-- close content main element --><\/div><\/div><div id='av_section_2'  class='avia-section av-4cr1ow-d8603e190126888a03973bde7d293c7f main_color avia-section-no-padding avia-no-border-styling  avia-builder-el-3  el_after_av_section  avia-builder-el-last  avia-bg-style-scroll container_wrap sidebar_right'  ><div class='container av-section-cont-open' ><div class='template-page content  av-content-small alpha units'><div class='post-entry post-entry-type-page post-entry-3161'><div class='entry-content-wrapper clearfix'>\n\n<style type=\"text\/css\" data-created_by=\"avia_inline_auto\" id=\"style-css-av-1upnvk-f4a397615faf99fe252b1c3137251795\">\n#top .flex_column.av-1upnvk-f4a397615faf99fe252b1c3137251795{\nmargin-top:0px;\nmargin-bottom:0px;\n}\n.flex_column.av-1upnvk-f4a397615faf99fe252b1c3137251795{\nborder-radius:0px 0px 0px 0px;\npadding:0px 0px 0px 0px;\n}\n.responsive #top #wrap_all .flex_column.av-1upnvk-f4a397615faf99fe252b1c3137251795{\nmargin-top:0px;\nmargin-bottom:0px;\n}\n<\/style>\n<div  class='flex_column av-1upnvk-f4a397615faf99fe252b1c3137251795 av_one_full  avia-builder-el-4  avia-builder-el-no-sibling  first flex_column_div av-zero-column-padding  '     ><div id='av-masonry-1' class='av-masonry av-lmu06v0g-50f3adac36a8c192a786a159f711e3a2 noHover av-fixed-size av-large-gap av-hover-overlay-active av-masonry-animation-active av-masonry-col-flexible av-caption-always av-caption-style- av-masonry-gallery ' data-post_id=\"3161\"><div class=\"av-masonry-container isotope av-js-disabled\"><div class='av-masonry-entry isotope-item av-masonry-item-no-image '><\/div><a href=\"https:\/\/dpms-media.fr\/maison-linol\/wp-content\/uploads\/sites\/47\/2023\/09\/MG_5118.jpg\" data-srcset=\"https:\/\/dpms-media.fr\/maison-linol\/wp-content\/uploads\/sites\/47\/2023\/09\/MG_5118.jpg 700w, https:\/\/dpms-media.fr\/maison-linol\/wp-content\/uploads\/sites\/47\/2023\/09\/MG_5118-300x200.jpg 300w\" data-sizes=\"(max-width: 700px) 100vw, 700px\"  aria-label=\"image _MG_5118\"  id='av-masonry-1-item-3267' data-av-masonry-item='3267' class='av-masonry-entry isotope-item post-3267 attachment type-attachment status-inherit hentry  av-masonry-item-with-image av-grid-img' title=\"_MG_5118\" alt=\"\"    itemprop=\"thumbnailUrl\" ><div class='av-inner-masonry-sizer'><\/div><figure class='av-inner-masonry main_color'><div class=\"av-masonry-outerimage-container\"><div class='av-masonry-image-container' style=\"background-image: url(https:\/\/dpms-media.fr\/maison-linol\/wp-content\/uploads\/sites\/47\/2023\/09\/MG_5118.jpg);\"  title=\"_MG_5118\" ><\/div><\/div><\/figure><\/a><!--end av-masonry entry--><a href=\"https:\/\/dpms-media.fr\/maison-linol\/wp-content\/uploads\/sites\/47\/2023\/09\/MG_5116.jpg\" data-srcset=\"https:\/\/dpms-media.fr\/maison-linol\/wp-content\/uploads\/sites\/47\/2023\/09\/MG_5116.jpg 800w, https:\/\/dpms-media.fr\/maison-linol\/wp-content\/uploads\/sites\/47\/2023\/09\/MG_5116-300x200.jpg 300w, https:\/\/dpms-media.fr\/maison-linol\/wp-content\/uploads\/sites\/47\/2023\/09\/MG_5116-768x512.jpg 768w, https:\/\/dpms-media.fr\/maison-linol\/wp-content\/uploads\/sites\/47\/2023\/09\/MG_5116-705x470.jpg 705w\" data-sizes=\"(max-width: 800px) 100vw, 800px\"  aria-label=\"image _MG_5116\"  id='av-masonry-1-item-3265' data-av-masonry-item='3265' class='av-masonry-entry isotope-item post-3265 attachment type-attachment status-inherit hentry  av-masonry-item-with-image av-grid-img' title=\"_MG_5116\" alt=\"\"    itemprop=\"thumbnailUrl\" ><div class='av-inner-masonry-sizer'><\/div><figure class='av-inner-masonry main_color'><div class=\"av-masonry-outerimage-container\"><div class='av-masonry-image-container' style=\"background-image: url(https:\/\/dpms-media.fr\/maison-linol\/wp-content\/uploads\/sites\/47\/2023\/09\/MG_5116-705x470.jpg);\"  title=\"_MG_5116\" ><\/div><\/div><\/figure><\/a><!--end av-masonry entry--><a href=\"https:\/\/dpms-media.fr\/maison-linol\/wp-content\/uploads\/sites\/47\/2023\/09\/MG_5114.jpg\" data-srcset=\"https:\/\/dpms-media.fr\/maison-linol\/wp-content\/uploads\/sites\/47\/2023\/09\/MG_5114.jpg 800w, https:\/\/dpms-media.fr\/maison-linol\/wp-content\/uploads\/sites\/47\/2023\/09\/MG_5114-300x200.jpg 300w, https:\/\/dpms-media.fr\/maison-linol\/wp-content\/uploads\/sites\/47\/2023\/09\/MG_5114-768x512.jpg 768w, https:\/\/dpms-media.fr\/maison-linol\/wp-content\/uploads\/sites\/47\/2023\/09\/MG_5114-705x470.jpg 705w\" data-sizes=\"(max-width: 800px) 100vw, 800px\"  aria-label=\"image _MG_5114\"  id='av-masonry-1-item-3263' data-av-masonry-item='3263' class='av-masonry-entry isotope-item post-3263 attachment type-attachment status-inherit hentry  av-masonry-item-with-image av-grid-img' title=\"_MG_5114\" alt=\"\"    itemprop=\"thumbnailUrl\" ><div class='av-inner-masonry-sizer'><\/div><figure class='av-inner-masonry main_color'><div class=\"av-masonry-outerimage-container\"><div class='av-masonry-image-container' style=\"background-image: url(https:\/\/dpms-media.fr\/maison-linol\/wp-content\/uploads\/sites\/47\/2023\/09\/MG_5114-705x470.jpg);\"  title=\"_MG_5114\" ><\/div><\/div><\/figure><\/a><!--end av-masonry entry--><a href=\"https:\/\/dpms-media.fr\/maison-linol\/wp-content\/uploads\/sites\/47\/2023\/09\/MG_5107.jpg\" data-srcset=\"https:\/\/dpms-media.fr\/maison-linol\/wp-content\/uploads\/sites\/47\/2023\/09\/MG_5107.jpg 800w, https:\/\/dpms-media.fr\/maison-linol\/wp-content\/uploads\/sites\/47\/2023\/09\/MG_5107-300x200.jpg 300w, https:\/\/dpms-media.fr\/maison-linol\/wp-content\/uploads\/sites\/47\/2023\/09\/MG_5107-768x513.jpg 768w, https:\/\/dpms-media.fr\/maison-linol\/wp-content\/uploads\/sites\/47\/2023\/09\/MG_5107-705x471.jpg 705w\" data-sizes=\"(max-width: 800px) 100vw, 800px\"  aria-label=\"image _MG_5107\"  id='av-masonry-1-item-3261' data-av-masonry-item='3261' class='av-masonry-entry isotope-item post-3261 attachment type-attachment status-inherit hentry  av-masonry-item-with-image av-grid-img' title=\"_MG_5107\" alt=\"\"    itemprop=\"thumbnailUrl\" ><div class='av-inner-masonry-sizer'><\/div><figure class='av-inner-masonry main_color'><div class=\"av-masonry-outerimage-container\"><div class='av-masonry-image-container' style=\"background-image: url(https:\/\/dpms-media.fr\/maison-linol\/wp-content\/uploads\/sites\/47\/2023\/09\/MG_5107-705x471.jpg);\"  title=\"_MG_5107\" ><\/div><\/div><\/figure><\/a><!--end av-masonry entry--><a href=\"https:\/\/dpms-media.fr\/maison-linol\/wp-content\/uploads\/sites\/47\/2023\/09\/MG_5100.jpg\" data-srcset=\"https:\/\/dpms-media.fr\/maison-linol\/wp-content\/uploads\/sites\/47\/2023\/09\/MG_5100.jpg 800w, https:\/\/dpms-media.fr\/maison-linol\/wp-content\/uploads\/sites\/47\/2023\/09\/MG_5100-300x200.jpg 300w, https:\/\/dpms-media.fr\/maison-linol\/wp-content\/uploads\/sites\/47\/2023\/09\/MG_5100-768x513.jpg 768w, https:\/\/dpms-media.fr\/maison-linol\/wp-content\/uploads\/sites\/47\/2023\/09\/MG_5100-705x471.jpg 705w\" data-sizes=\"(max-width: 800px) 100vw, 800px\"  aria-label=\"image _MG_5100\"  id='av-masonry-1-item-3259' data-av-masonry-item='3259' class='av-masonry-entry isotope-item post-3259 attachment type-attachment status-inherit hentry  av-masonry-item-with-image av-grid-img' title=\"_MG_5100\" alt=\"\"    itemprop=\"thumbnailUrl\" ><div class='av-inner-masonry-sizer'><\/div><figure class='av-inner-masonry main_color'><div class=\"av-masonry-outerimage-container\"><div class='av-masonry-image-container' style=\"background-image: url(https:\/\/dpms-media.fr\/maison-linol\/wp-content\/uploads\/sites\/47\/2023\/09\/MG_5100-705x471.jpg);\"  title=\"_MG_5100\" ><\/div><\/div><\/figure><\/a><!--end av-masonry entry--><a href=\"https:\/\/dpms-media.fr\/maison-linol\/wp-content\/uploads\/sites\/47\/2023\/09\/MG_5097.jpg\" data-srcset=\"https:\/\/dpms-media.fr\/maison-linol\/wp-content\/uploads\/sites\/47\/2023\/09\/MG_5097.jpg 800w, https:\/\/dpms-media.fr\/maison-linol\/wp-content\/uploads\/sites\/47\/2023\/09\/MG_5097-300x200.jpg 300w, https:\/\/dpms-media.fr\/maison-linol\/wp-content\/uploads\/sites\/47\/2023\/09\/MG_5097-768x512.jpg 768w, https:\/\/dpms-media.fr\/maison-linol\/wp-content\/uploads\/sites\/47\/2023\/09\/MG_5097-705x470.jpg 705w\" data-sizes=\"(max-width: 800px) 100vw, 800px\"  aria-label=\"image _MG_5097\"  id='av-masonry-1-item-3257' data-av-masonry-item='3257' class='av-masonry-entry isotope-item post-3257 attachment type-attachment status-inherit hentry  av-masonry-item-with-image av-grid-img' title=\"_MG_5097\" alt=\"\"    itemprop=\"thumbnailUrl\" ><div class='av-inner-masonry-sizer'><\/div><figure class='av-inner-masonry main_color'><div class=\"av-masonry-outerimage-container\"><div class='av-masonry-image-container' style=\"background-image: url(https:\/\/dpms-media.fr\/maison-linol\/wp-content\/uploads\/sites\/47\/2023\/09\/MG_5097-705x470.jpg);\"  title=\"_MG_5097\" ><\/div><\/div><\/figure><\/a><!--end av-masonry entry--><a href=\"https:\/\/dpms-media.fr\/maison-linol\/wp-content\/uploads\/sites\/47\/2023\/09\/MG_4575.jpg\" data-srcset=\"https:\/\/dpms-media.fr\/maison-linol\/wp-content\/uploads\/sites\/47\/2023\/09\/MG_4575.jpg 800w, https:\/\/dpms-media.fr\/maison-linol\/wp-content\/uploads\/sites\/47\/2023\/09\/MG_4575-300x200.jpg 300w, https:\/\/dpms-media.fr\/maison-linol\/wp-content\/uploads\/sites\/47\/2023\/09\/MG_4575-768x512.jpg 768w, https:\/\/dpms-media.fr\/maison-linol\/wp-content\/uploads\/sites\/47\/2023\/09\/MG_4575-705x470.jpg 705w\" data-sizes=\"(max-width: 800px) 100vw, 800px\"  aria-label=\"image _MG_4575\"  id='av-masonry-1-item-3253' data-av-masonry-item='3253' class='av-masonry-entry isotope-item post-3253 attachment type-attachment status-inherit hentry  av-masonry-item-with-image av-grid-img' title=\"_MG_4575\" alt=\"\"    itemprop=\"thumbnailUrl\" ><div class='av-inner-masonry-sizer'><\/div><figure class='av-inner-masonry main_color'><div class=\"av-masonry-outerimage-container\"><div class='av-masonry-image-container' style=\"background-image: url(https:\/\/dpms-media.fr\/maison-linol\/wp-content\/uploads\/sites\/47\/2023\/09\/MG_4575-705x470.jpg);\"  title=\"_MG_4575\" ><\/div><\/div><\/figure><\/a><!--end av-masonry entry--><a href=\"https:\/\/dpms-media.fr\/maison-linol\/wp-content\/uploads\/sites\/47\/2023\/09\/MG_4565.jpg\" data-srcset=\"https:\/\/dpms-media.fr\/maison-linol\/wp-content\/uploads\/sites\/47\/2023\/09\/MG_4565.jpg 800w, https:\/\/dpms-media.fr\/maison-linol\/wp-content\/uploads\/sites\/47\/2023\/09\/MG_4565-300x200.jpg 300w, https:\/\/dpms-media.fr\/maison-linol\/wp-content\/uploads\/sites\/47\/2023\/09\/MG_4565-768x512.jpg 768w, https:\/\/dpms-media.fr\/maison-linol\/wp-content\/uploads\/sites\/47\/2023\/09\/MG_4565-705x470.jpg 705w\" data-sizes=\"(max-width: 800px) 100vw, 800px\"  aria-label=\"image _MG_4565\"  id='av-masonry-1-item-3249' data-av-masonry-item='3249' class='av-masonry-entry isotope-item post-3249 attachment type-attachment status-inherit hentry  av-masonry-item-with-image av-grid-img' title=\"_MG_4565\" alt=\"\"    itemprop=\"thumbnailUrl\" ><div class='av-inner-masonry-sizer'><\/div><figure class='av-inner-masonry main_color'><div class=\"av-masonry-outerimage-container\"><div class='av-masonry-image-container' style=\"background-image: url(https:\/\/dpms-media.fr\/maison-linol\/wp-content\/uploads\/sites\/47\/2023\/09\/MG_4565-705x470.jpg);\"  title=\"_MG_4565\" ><\/div><\/div><\/figure><\/a><!--end av-masonry entry--><\/div><\/div><\/div><\/div><\/div><\/div><!-- close content main div --><\/div><\/div><div id='after_section_2'  class='main_color av_default_container_wrap container_wrap sidebar_right'  ><div class='container av-section-cont-open' ><div class='template-page content  av-content-small alpha units'><div class='post-entry post-entry-type-page post-entry-3161'><div class='entry-content-wrapper clearfix'>\n","protected":false},"excerpt":{"rendered":"","protected":false},"author":2,"featured_media":3049,"parent":0,"menu_order":0,"comment_status":"closed","ping_status":"closed","template":"","meta":{"footnotes":""},"class_list":["post-3161","page","type-page","status-publish","has-post-thumbnail","hentry"],"yoast_head":"<!-- This site is optimized with the Yoast SEO plugin v27.5 - https:\/\/yoast.com\/product\/yoast-seo-wordpress\/ -->\n<title>Home - G\u00eete Maison Linol - Le P\u00e9rigord noir<\/title>\n<meta name=\"robots\" content=\"index, follow, max-snippet:-1, max-image-preview:large, max-video-preview:-1\" \/>\n<link rel=\"canonical\" href=\"https:\/\/maison-linol.beynacrentals.com\/en\/\" \/>\n<meta property=\"og:locale\" content=\"en_US\" \/>\n<meta property=\"og:type\" content=\"article\" \/>\n<meta property=\"og:title\" content=\"Home - G\u00eete Maison Linol - Le P\u00e9rigord noir\" \/>\n<meta property=\"og:url\" content=\"https:\/\/maison-linol.beynacrentals.com\/en\/\" \/>\n<meta property=\"og:site_name\" content=\"G\u00eete Maison Linol - Le P\u00e9rigord noir\" \/>\n<meta property=\"article:modified_time\" content=\"2023-09-22T02:50:57+00:00\" \/>\n<meta property=\"og:image\" content=\"https:\/\/dpms-media.fr\/maison-linol\/wp-content\/uploads\/sites\/47\/2022\/01\/Maison-Linol-1-600x470-1.jpg\" \/>\n\t<meta property=\"og:image:width\" content=\"600\" \/>\n\t<meta property=\"og:image:height\" content=\"470\" \/>\n\t<meta property=\"og:image:type\" content=\"image\/jpeg\" \/>\n<meta name=\"twitter:card\" content=\"summary_large_image\" \/>\n<meta name=\"twitter:label1\" content=\"Est. reading time\" \/>\n\t<meta name=\"twitter:data1\" content=\"2 minutes\" \/>\n<script type=\"application\/ld+json\" class=\"yoast-schema-graph\">{\"@context\":\"https:\\\/\\\/schema.org\",\"@graph\":[{\"@type\":\"WebPage\",\"@id\":\"https:\\\/\\\/maison-linol.beynacrentals.com\\\/en\\\/\",\"url\":\"https:\\\/\\\/maison-linol.beynacrentals.com\\\/en\\\/\",\"name\":\"Home - G\u00eete Maison Linol - Le P\u00e9rigord noir\",\"isPartOf\":{\"@id\":\"https:\\\/\\\/maison-linol.beynacrentals.com\\\/#website\"},\"primaryImageOfPage\":{\"@id\":\"https:\\\/\\\/maison-linol.beynacrentals.com\\\/en\\\/#primaryimage\"},\"image\":{\"@id\":\"https:\\\/\\\/maison-linol.beynacrentals.com\\\/en\\\/#primaryimage\"},\"thumbnailUrl\":\"https:\\\/\\\/dpms-media.fr\\\/maison-linol\\\/wp-content\\\/uploads\\\/sites\\\/47\\\/2022\\\/01\\\/Maison-Linol-1-600x470-1.jpg\",\"datePublished\":\"2017-03-08T13:44:20+00:00\",\"dateModified\":\"2023-09-22T02:50:57+00:00\",\"breadcrumb\":{\"@id\":\"https:\\\/\\\/maison-linol.beynacrentals.com\\\/en\\\/#breadcrumb\"},\"inLanguage\":\"en-US\",\"potentialAction\":[{\"@type\":\"ReadAction\",\"target\":[\"https:\\\/\\\/maison-linol.beynacrentals.com\\\/en\\\/\"]}]},{\"@type\":\"ImageObject\",\"inLanguage\":\"en-US\",\"@id\":\"https:\\\/\\\/maison-linol.beynacrentals.com\\\/en\\\/#primaryimage\",\"url\":\"https:\\\/\\\/dpms-media.fr\\\/maison-linol\\\/wp-content\\\/uploads\\\/sites\\\/47\\\/2022\\\/01\\\/Maison-Linol-1-600x470-1.jpg\",\"contentUrl\":\"https:\\\/\\\/dpms-media.fr\\\/maison-linol\\\/wp-content\\\/uploads\\\/sites\\\/47\\\/2022\\\/01\\\/Maison-Linol-1-600x470-1.jpg\",\"width\":600,\"height\":470},{\"@type\":\"BreadcrumbList\",\"@id\":\"https:\\\/\\\/maison-linol.beynacrentals.com\\\/en\\\/#breadcrumb\",\"itemListElement\":[{\"@type\":\"ListItem\",\"position\":1,\"name\":\"Accueil\",\"item\":\"https:\\\/\\\/maison-linol.beynacrentals.com\\\/en\\\/\"},{\"@type\":\"ListItem\",\"position\":2,\"name\":\"Home\"}]},{\"@type\":\"WebSite\",\"@id\":\"https:\\\/\\\/maison-linol.beynacrentals.com\\\/#website\",\"url\":\"https:\\\/\\\/maison-linol.beynacrentals.com\\\/\",\"name\":\"G\u00eete Maison Linol - Le P\u00e9rigord noir\",\"description\":\"Maison Linol, g\u00eete de charme en Aquitaine - Beynac Rentals\",\"potentialAction\":[{\"@type\":\"SearchAction\",\"target\":{\"@type\":\"EntryPoint\",\"urlTemplate\":\"https:\\\/\\\/maison-linol.beynacrentals.com\\\/?s={search_term_string}\"},\"query-input\":{\"@type\":\"PropertyValueSpecification\",\"valueRequired\":true,\"valueName\":\"search_term_string\"}}],\"inLanguage\":\"en-US\"}]}<\/script>\n<!-- \/ Yoast SEO plugin. -->","yoast_head_json":{"title":"Home - G\u00eete Maison Linol - Le P\u00e9rigord noir","robots":{"index":"index","follow":"follow","max-snippet":"max-snippet:-1","max-image-preview":"max-image-preview:large","max-video-preview":"max-video-preview:-1"},"canonical":"https:\/\/maison-linol.beynacrentals.com\/en\/","og_locale":"en_US","og_type":"article","og_title":"Home - G\u00eete Maison Linol - Le P\u00e9rigord noir","og_url":"https:\/\/maison-linol.beynacrentals.com\/en\/","og_site_name":"G\u00eete Maison Linol - Le P\u00e9rigord noir","article_modified_time":"2023-09-22T02:50:57+00:00","og_image":[{"width":600,"height":470,"url":"https:\/\/dpms-media.fr\/maison-linol\/wp-content\/uploads\/sites\/47\/2022\/01\/Maison-Linol-1-600x470-1.jpg","type":"image\/jpeg"}],"twitter_card":"summary_large_image","twitter_misc":{"Est. reading time":"2 minutes"},"schema":{"@context":"https:\/\/schema.org","@graph":[{"@type":"WebPage","@id":"https:\/\/maison-linol.beynacrentals.com\/en\/","url":"https:\/\/maison-linol.beynacrentals.com\/en\/","name":"Home - G\u00eete Maison Linol - Le P\u00e9rigord noir","isPartOf":{"@id":"https:\/\/maison-linol.beynacrentals.com\/#website"},"primaryImageOfPage":{"@id":"https:\/\/maison-linol.beynacrentals.com\/en\/#primaryimage"},"image":{"@id":"https:\/\/maison-linol.beynacrentals.com\/en\/#primaryimage"},"thumbnailUrl":"https:\/\/dpms-media.fr\/maison-linol\/wp-content\/uploads\/sites\/47\/2022\/01\/Maison-Linol-1-600x470-1.jpg","datePublished":"2017-03-08T13:44:20+00:00","dateModified":"2023-09-22T02:50:57+00:00","breadcrumb":{"@id":"https:\/\/maison-linol.beynacrentals.com\/en\/#breadcrumb"},"inLanguage":"en-US","potentialAction":[{"@type":"ReadAction","target":["https:\/\/maison-linol.beynacrentals.com\/en\/"]}]},{"@type":"ImageObject","inLanguage":"en-US","@id":"https:\/\/maison-linol.beynacrentals.com\/en\/#primaryimage","url":"https:\/\/dpms-media.fr\/maison-linol\/wp-content\/uploads\/sites\/47\/2022\/01\/Maison-Linol-1-600x470-1.jpg","contentUrl":"https:\/\/dpms-media.fr\/maison-linol\/wp-content\/uploads\/sites\/47\/2022\/01\/Maison-Linol-1-600x470-1.jpg","width":600,"height":470},{"@type":"BreadcrumbList","@id":"https:\/\/maison-linol.beynacrentals.com\/en\/#breadcrumb","itemListElement":[{"@type":"ListItem","position":1,"name":"Accueil","item":"https:\/\/maison-linol.beynacrentals.com\/en\/"},{"@type":"ListItem","position":2,"name":"Home"}]},{"@type":"WebSite","@id":"https:\/\/maison-linol.beynacrentals.com\/#website","url":"https:\/\/maison-linol.beynacrentals.com\/","name":"G\u00eete Maison Linol - Le P\u00e9rigord noir","description":"Maison Linol, g\u00eete de charme en Aquitaine - Beynac Rentals","potentialAction":[{"@type":"SearchAction","target":{"@type":"EntryPoint","urlTemplate":"https:\/\/maison-linol.beynacrentals.com\/?s={search_term_string}"},"query-input":{"@type":"PropertyValueSpecification","valueRequired":true,"valueName":"search_term_string"}}],"inLanguage":"en-US"}]}},"_links":{"self":[{"href":"https:\/\/maison-linol.beynacrentals.com\/en\/wp-json\/wp\/v2\/pages\/3161","targetHints":{"allow":["GET"]}}],"collection":[{"href":"https:\/\/maison-linol.beynacrentals.com\/en\/wp-json\/wp\/v2\/pages"}],"about":[{"href":"https:\/\/maison-linol.beynacrentals.com\/en\/wp-json\/wp\/v2\/types\/page"}],"author":[{"embeddable":true,"href":"https:\/\/maison-linol.beynacrentals.com\/en\/wp-json\/wp\/v2\/users\/2"}],"replies":[{"embeddable":true,"href":"https:\/\/maison-linol.beynacrentals.com\/en\/wp-json\/wp\/v2\/comments?post=3161"}],"version-history":[{"count":4,"href":"https:\/\/maison-linol.beynacrentals.com\/en\/wp-json\/wp\/v2\/pages\/3161\/revisions"}],"predecessor-version":[{"id":3269,"href":"https:\/\/maison-linol.beynacrentals.com\/en\/wp-json\/wp\/v2\/pages\/3161\/revisions\/3269"}],"wp:featuredmedia":[{"embeddable":true,"href":"https:\/\/maison-linol.beynacrentals.com\/en\/wp-json\/wp\/v2\/media\/3049"}],"wp:attachment":[{"href":"https:\/\/maison-linol.beynacrentals.com\/en\/wp-json\/wp\/v2\/media?parent=3161"}],"curies":[{"name":"wp","href":"https:\/\/api.w.org\/{rel}","templated":true}]}}